{"id":4182,"date":"2024-07-16T12:49:51","date_gmt":"2024-07-16T10:49:51","guid":{"rendered":"https:\/\/ledimoredelconte.it\/progetto-finanziato-con-il-poc-regione-veneto\/"},"modified":"2024-07-28T10:33:45","modified_gmt":"2024-07-28T08:33:45","slug":"progetto-finanziato-con-il-poc-regione-veneto","status":"publish","type":"page","link":"https:\/\/ledimoredelconte.it\/de\/progetto-finanziato-con-il-poc-regione-veneto\/","title":{"rendered":"Progetto Finanziato con il POC Regione Veneto"},"content":{"rendered":"\t\t<div data-elementor-type=\"wp-page\" data-elementor-id=\"4182\" class=\"elementor elementor-4182 elementor-4144\" data-elementor-post-type=\"page\">\n\t\t\t\t\t\t<section class=\"elementor-section elementor-top-section elementor-element elementor-element-bc05ac9 elementor-section-boxed elementor-section-height-default elementor-section-height-default\" data-id=\"bc05ac9\" data-element_type=\"section\">\n\t\t\t\t\t\t<div class=\"elementor-container elementor-column-gap-no\">\n\t\t\t\t\t<div class=\"elementor-column elementor-col-50 elementor-top-column elementor-element elementor-element-7671b6f\" data-id=\"7671b6f\" data-element_type=\"column\" data-settings=\"{&quot;background_background&quot;:&quot;slideshow&quot;,&quot;background_slideshow_gallery&quot;:[],&quot;background_slideshow_loop&quot;:&quot;yes&quot;,&quot;background_slideshow_slide_duration&quot;:5000,&quot;background_slideshow_slide_transition&quot;:&quot;fade&quot;,&quot;background_slideshow_transition_duration&quot;:500}\">\n\t\t\t<div class=\"elementor-widget-wrap elementor-element-populated\">\n\t\t\t\t\t\t<div class=\"elementor-element elementor-element-5ae4085 elementor-widget elementor-widget-heading\" data-id=\"5ae4085\" data-element_type=\"widget\" data-widget_type=\"heading.default\">\n\t\t\t\t<div class=\"elementor-widget-container\">\n\t\t\t\t\t<h1 class=\"elementor-heading-title elementor-size-default\">POC<\/h1>\t\t\t\t<\/div>\n\t\t\t\t<\/div>\n\t\t\t\t<div class=\"elementor-element elementor-element-4c4460a elementor-widget-divider--view-line elementor-widget elementor-widget-divider\" data-id=\"4c4460a\" data-element_type=\"widget\" data-widget_type=\"divider.default\">\n\t\t\t\t<div class=\"elementor-widget-container\">\n\t\t\t\t\t\t\t<div class=\"elementor-divider\">\n\t\t\t<span class=\"elementor-divider-separator\">\n\t\t\t\t\t\t<\/span>\n\t\t<\/div>\n\t\t\t\t\t\t<\/div>\n\t\t\t\t<\/div>\n\t\t\t\t<div class=\"elementor-element elementor-element-12d40f6 elementor-widget elementor-widget-heading\" data-id=\"12d40f6\" data-element_type=\"widget\" data-widget_type=\"heading.default\">\n\t\t\t\t<div class=\"elementor-widget-container\">\n\t\t\t\t\t<h2 class=\"elementor-heading-title elementor-size-default\">ASSE 3 AZIONE 3.4 D<\/h2>\t\t\t\t<\/div>\n\t\t\t\t<\/div>\n\t\t\t\t<div class=\"elementor-element elementor-element-5762649 elementor-widget elementor-widget-heading\" data-id=\"5762649\" data-element_type=\"widget\" data-widget_type=\"heading.default\">\n\t\t\t\t<div class=\"elementor-widget-container\">\n\t\t\t\t\t<h2 class=\"elementor-heading-title elementor-size-default\">LoVe! Land of Venice<\/h2>\t\t\t\t<\/div>\n\t\t\t\t<\/div>\n\t\t\t\t<div class=\"elementor-element elementor-element-961909c elementor-widget elementor-widget-spacer\" data-id=\"961909c\" data-element_type=\"widget\" data-widget_type=\"spacer.default\">\n\t\t\t\t<div class=\"elementor-widget-container\">\n\t\t\t\t\t\t\t<div class=\"elementor-spacer\">\n\t\t\t<div class=\"elementor-spacer-inner\"><\/div>\n\t\t<\/div>\n\t\t\t\t\t\t<\/div>\n\t\t\t\t<\/div>\n\t\t\t\t<div class=\"elementor-element elementor-element-cb3db15 elementor-widget elementor-widget-heading\" data-id=\"cb3db15\" data-element_type=\"widget\" data-widget_type=\"heading.default\">\n\t\t\t\t<div class=\"elementor-widget-container\">\n\t\t\t\t\t<h2 class=\"elementor-heading-title elementor-size-default\">Contributo concesso euro 539.396,90<\/h2>\t\t\t\t<\/div>\n\t\t\t\t<\/div>\n\t\t\t\t<div class=\"elementor-element elementor-element-2a27b05 elementor-widget elementor-widget-spacer\" data-id=\"2a27b05\" data-element_type=\"widget\" data-widget_type=\"spacer.default\">\n\t\t\t\t<div class=\"elementor-widget-container\">\n\t\t\t\t\t\t\t<div class=\"elementor-spacer\">\n\t\t\t<div class=\"elementor-spacer-inner\"><\/div>\n\t\t<\/div>\n\t\t\t\t\t\t<\/div>\n\t\t\t\t<\/div>\n\t\t\t\t<div class=\"elementor-element elementor-element-a383250 elementor-widget elementor-widget-heading\" data-id=\"a383250\" data-element_type=\"widget\" data-widget_type=\"heading.default\">\n\t\t\t\t<div class=\"elementor-widget-container\">\n\t\t\t\t\t<h5 class=\"elementor-heading-title elementor-size-default\">Love!<br>Land Of Venice<\/h5>\t\t\t\t<\/div>\n\t\t\t\t<\/div>\n\t\t\t\t\t<\/div>\n\t\t<\/div>\n\t\t\t\t<div class=\"elementor-column elementor-col-50 elementor-top-column elementor-element elementor-element-b5d6980\" data-id=\"b5d6980\" data-element_type=\"column\">\n\t\t\t<div class=\"elementor-widget-wrap elementor-element-populated\">\n\t\t\t\t\t\t<div class=\"elementor-element elementor-element-3070c3b elementor-widget elementor-widget-image\" data-id=\"3070c3b\" data-element_type=\"widget\" data-widget_type=\"image.default\">\n\t\t\t\t<div class=\"elementor-widget-container\">\n\t\t\t\t\t\t\t\t\t\t\t\t\t\t\t<img fetchpriority=\"high\" decoding=\"async\" width=\"800\" height=\"252\" src=\"https:\/\/ledimoredelconte.it\/wp-content\/uploads\/cescot-love-poc-1024x322.png\" class=\"attachment-large size-large wp-image-4151\" alt=\"\" srcset=\"https:\/\/ledimoredelconte.it\/wp-content\/uploads\/cescot-love-poc-1024x322.png 1024w, https:\/\/ledimoredelconte.it\/wp-content\/uploads\/cescot-love-poc-300x94.png 300w, https:\/\/ledimoredelconte.it\/wp-content\/uploads\/cescot-love-poc-768x242.png 768w, https:\/\/ledimoredelconte.it\/wp-content\/uploads\/cescot-love-poc-1536x484.png 1536w, https:\/\/ledimoredelconte.it\/wp-content\/uploads\/cescot-love-poc-2048x645.png 2048w\" sizes=\"(max-width: 800px) 100vw, 800px\" \/>\t\t\t\t\t\t\t\t\t\t\t\t\t\t\t<\/div>\n\t\t\t\t<\/div>\n\t\t\t\t\t<\/div>\n\t\t<\/div>\n\t\t\t\t\t<\/div>\n\t\t<\/section>\n\t\t\t\t<section class=\"elementor-section elementor-top-section elementor-element elementor-element-e57273f elementor-section-boxed elementor-section-height-default elementor-section-height-default\" data-id=\"e57273f\" data-element_type=\"section\">\n\t\t\t\t\t\t<div class=\"elementor-container elementor-column-gap-default\">\n\t\t\t\t\t<div class=\"elementor-column elementor-col-50 elementor-top-column elementor-element elementor-element-ec1c0a3\" data-id=\"ec1c0a3\" data-element_type=\"column\">\n\t\t\t<div class=\"elementor-widget-wrap elementor-element-populated\">\n\t\t\t\t\t\t<div class=\"elementor-element elementor-element-4b8ea0a elementor-widget elementor-widget-text-editor\" data-id=\"4b8ea0a\" data-element_type=\"widget\" data-widget_type=\"text-editor.default\">\n\t\t\t\t<div class=\"elementor-widget-container\">\n\t\t\t\t\t\t\t\t\t<p>Attenendosi ai paradigmi e alle disposizioni del Bando FESR (POC), LoVe! (acronimo di Land of Venice!) quale progetto di valenza regionale, si configura come aggregazione di imprese per rilanciare, promuovere e vendere, in modo unitario, efficace e coerente, il palcoscenico artistico, culturale e creativo Veneto, contaminato alle diverse famiglie motivazionali individuate dal PSTV e coerente ai valori e alle precondizioni trasversali di Land of Venice I Land of Value (accessibilit\u00e0 e sostenibilit\u00e0). Il patrimonio culturale e le arti visive contemporanee, nella loro accezione pi\u00f9 ampia, si connotano nel progetto LoVe! come leva principale su cui fare perno per incentivare target diversificati e flussi turistici di qualit\u00e0, incrementando contestualmente lo sviluppo economico nei comparti liminari o complementari al turismo, grazie al coinvolgimento di imprenditori locali collaborativi e consapevoli dell\u2019urgenza di lavorare insieme per produrre valore e condividere cultura al fine di accogliere, trattenere e \u201cfar innamorare\u201d il turista proveniente da tutto il mondo. LoVe! propone un approccio corale, sinestetico e sistemico che prevede l\u2019interazione tra una visione di sviluppo turistico non estrattiva e diversi linguaggi creativi (arti visive e performative, design, architettura e patrimonio culturale veneto diffuso, vero DNA dell\u2019Italia e del Veneto) intercettando pi\u00f9 siti UNESCO con experiences di coinvolgimento orientate alla valorizzazione del Patrimonio Mondiale e alla loro reinterpretazione in chiave innovativa, secondo le linee UCCN di riflessione sul ruolo della creativit\u00e0 come fucina di azioni di innovazione. Gli obiettivi generali sono di medio (e lungo) periodo e prevedono il consolidamento di prodotti trasversali a pi\u00f9 tematismi, in pi\u00f9 destinazioni, condivisi con le O.G.D. e focalizzati sull\u2019abbinamento tra offerta turistica e creativa-culturale, in chiave slow and green.<\/p>\n\t\t\t\t\t\t\t\t<\/div>\n\t\t\t\t<\/div>\n\t\t\t\t<div class=\"elementor-element elementor-element-28eb1ec elementor-widget elementor-widget-heading\" data-id=\"28eb1ec\" data-element_type=\"widget\" data-widget_type=\"heading.default\">\n\t\t\t\t<div class=\"elementor-widget-container\">\n\t\t\t\t\t<h4 class=\"elementor-heading-title elementor-size-default\">Programma Operativo Complementare (POC) al POR FESR 2014-2020 della Regione del Veneto<\/h4>\t\t\t\t<\/div>\n\t\t\t\t<\/div>\n\t\t\t\t<div class=\"elementor-element elementor-element-d35d39c elementor-widget elementor-widget-text-editor\" data-id=\"d35d39c\" data-element_type=\"widget\" data-widget_type=\"text-editor.default\">\n\t\t\t\t<div class=\"elementor-widget-container\">\n\t\t\t\t\t\t\t\t\t<p>Il Programma Operativo Complementare (POC) della Regione del Veneto nasce a seguito della riprogrammazione del POR FESR-FSE 2014-2020, allo scopo di rispondere alle problematiche sanitarie, economiche e sociali determinate dall\u2019attuale emergenza sanitaria COVID-19. Persegue le medesime finalit\u00e0 della politica di coesione 2014-2020 con le risorse derivate dalla riprogrammazione dei Programmi Operativi 2014-2020 POR FSE e POR FESR.<\/p>\n\t\t\t\t\t\t\t\t<\/div>\n\t\t\t\t<\/div>\n\t\t\t\t<div class=\"elementor-element elementor-element-05c20dd elementor-widget elementor-widget-text-editor\" data-id=\"05c20dd\" data-element_type=\"widget\" data-widget_type=\"text-editor.default\">\n\t\t\t\t<div class=\"elementor-widget-container\">\n\t\t\t\t\t\t\t\t\t<p><strong>Le risorse del POC<\/strong><br \/>Le risorse che si possono mobilitare per la risposta all\u2019emergenza sanitaria, economica e sociale causata dalla pandemia COVID-19 risultano complessivamente pari a 253,7 Milioni di euro coperte fino a 119,7 Milioni di euro dal POR FSE e fino a 134 Milioni di euro dal POR FESR.<\/p>\n\t\t\t\t\t\t\t\t<\/div>\n\t\t\t\t<\/div>\n\t\t\t\t\t<\/div>\n\t\t<\/div>\n\t\t\t\t<div class=\"elementor-column elementor-col-50 elementor-top-column elementor-element elementor-element-d8cc2ca\" data-id=\"d8cc2ca\" data-element_type=\"column\">\n\t\t\t<div class=\"elementor-widget-wrap elementor-element-populated\">\n\t\t\t\t\t\t<div class=\"elementor-element elementor-element-f6f89fa elementor-widget elementor-widget-image\" data-id=\"f6f89fa\" data-element_type=\"widget\" data-widget_type=\"image.default\">\n\t\t\t\t<div class=\"elementor-widget-container\">\n\t\t\t\t\t\t\t\t\t\t\t\t\t\t\t<img decoding=\"async\" width=\"1980\" height=\"1485\" src=\"https:\/\/ledimoredelconte.it\/wp-content\/uploads\/fotografo-petr-slovacek-chioggia-unsplash.jpg\" class=\"attachment-full size-full wp-image-4157\" alt=\"\" srcset=\"https:\/\/ledimoredelconte.it\/wp-content\/uploads\/fotografo-petr-slovacek-chioggia-unsplash.jpg 1980w, https:\/\/ledimoredelconte.it\/wp-content\/uploads\/fotografo-petr-slovacek-chioggia-unsplash-300x225.jpg 300w, https:\/\/ledimoredelconte.it\/wp-content\/uploads\/fotografo-petr-slovacek-chioggia-unsplash-1024x768.jpg 1024w, https:\/\/ledimoredelconte.it\/wp-content\/uploads\/fotografo-petr-slovacek-chioggia-unsplash-768x576.jpg 768w, https:\/\/ledimoredelconte.it\/wp-content\/uploads\/fotografo-petr-slovacek-chioggia-unsplash-1536x1152.jpg 1536w\" sizes=\"(max-width: 1980px) 100vw, 1980px\" \/>\t\t\t\t\t\t\t\t\t\t\t\t\t\t\t<\/div>\n\t\t\t\t<\/div>\n\t\t\t\t<div class=\"elementor-element elementor-element-a95bec0 elementor-widget elementor-widget-spacer\" data-id=\"a95bec0\" data-element_type=\"widget\" data-widget_type=\"spacer.default\">\n\t\t\t\t<div class=\"elementor-widget-container\">\n\t\t\t\t\t\t\t<div class=\"elementor-spacer\">\n\t\t\t<div class=\"elementor-spacer-inner\"><\/div>\n\t\t<\/div>\n\t\t\t\t\t\t<\/div>\n\t\t\t\t<\/div>\n\t\t\t\t<div class=\"elementor-element elementor-element-71b3f52 elementor-widget elementor-widget-image\" data-id=\"71b3f52\" data-element_type=\"widget\" data-widget_type=\"image.default\">\n\t\t\t\t<div class=\"elementor-widget-container\">\n\t\t\t\t\t\t\t\t\t\t\t\t\t\t\t<img decoding=\"async\" width=\"800\" height=\"800\" src=\"https:\/\/ledimoredelconte.it\/wp-content\/uploads\/fotografo-edoardo-bortoli-villa-pisani-unsplash-1024x1024.jpg\" class=\"attachment-large size-large wp-image-4154\" alt=\"\" srcset=\"https:\/\/ledimoredelconte.it\/wp-content\/uploads\/fotografo-edoardo-bortoli-villa-pisani-unsplash-1024x1024.jpg 1024w, https:\/\/ledimoredelconte.it\/wp-content\/uploads\/fotografo-edoardo-bortoli-villa-pisani-unsplash-300x300.jpg 300w, https:\/\/ledimoredelconte.it\/wp-content\/uploads\/fotografo-edoardo-bortoli-villa-pisani-unsplash-150x150.jpg 150w, https:\/\/ledimoredelconte.it\/wp-content\/uploads\/fotografo-edoardo-bortoli-villa-pisani-unsplash-768x768.jpg 768w, https:\/\/ledimoredelconte.it\/wp-content\/uploads\/fotografo-edoardo-bortoli-villa-pisani-unsplash.jpg 1280w\" sizes=\"(max-width: 800px) 100vw, 800px\" \/>\t\t\t\t\t\t\t\t\t\t\t\t\t\t\t<\/div>\n\t\t\t\t<\/div>\n\t\t\t\t\t<\/div>\n\t\t<\/div>\n\t\t\t\t\t<\/div>\n\t\t<\/section>\n\t\t\t\t<section class=\"elementor-section elementor-top-section elementor-element elementor-element-2568589 elementor-section-boxed elementor-section-height-default elementor-section-height-default\" data-id=\"2568589\" data-element_type=\"section\">\n\t\t\t\t\t\t<div class=\"elementor-container elementor-column-gap-default\">\n\t\t\t\t\t<div class=\"elementor-column elementor-col-50 elementor-top-column elementor-element elementor-element-401c883\" data-id=\"401c883\" data-element_type=\"column\">\n\t\t\t<div class=\"elementor-widget-wrap elementor-element-populated\">\n\t\t\t\t\t\t<div class=\"elementor-element elementor-element-bc6186f elementor-widget elementor-widget-image\" data-id=\"bc6186f\" data-element_type=\"widget\" data-widget_type=\"image.default\">\n\t\t\t\t<div class=\"elementor-widget-container\">\n\t\t\t\t\t\t\t\t\t\t\t\t\t\t\t<img loading=\"lazy\" decoding=\"async\" width=\"748\" height=\"1048\" src=\"https:\/\/ledimoredelconte.it\/wp-content\/uploads\/mappa-tieplo.jpg\" class=\"attachment-full size-full wp-image-4160\" alt=\"\" srcset=\"https:\/\/ledimoredelconte.it\/wp-content\/uploads\/mappa-tieplo.jpg 748w, https:\/\/ledimoredelconte.it\/wp-content\/uploads\/mappa-tieplo-214x300.jpg 214w, https:\/\/ledimoredelconte.it\/wp-content\/uploads\/mappa-tieplo-731x1024.jpg 731w\" sizes=\"(max-width: 748px) 100vw, 748px\" \/>\t\t\t\t\t\t\t\t\t\t\t\t\t\t\t<\/div>\n\t\t\t\t<\/div>\n\t\t\t\t\t<\/div>\n\t\t<\/div>\n\t\t\t\t<div class=\"elementor-column elementor-col-50 elementor-top-column elementor-element elementor-element-2ddd2f3\" data-id=\"2ddd2f3\" data-element_type=\"column\">\n\t\t\t<div class=\"elementor-widget-wrap elementor-element-populated\">\n\t\t\t\t\t\t<div class=\"elementor-element elementor-element-e298f47 elementor-widget elementor-widget-image\" data-id=\"e298f47\" data-element_type=\"widget\" data-widget_type=\"image.default\">\n\t\t\t\t<div class=\"elementor-widget-container\">\n\t\t\t\t\t\t\t\t\t\t\t\t\t\t\t<img loading=\"lazy\" decoding=\"async\" width=\"1280\" height=\"1280\" src=\"https:\/\/ledimoredelconte.it\/wp-content\/uploads\/mappa-art-your-food-1280x1280-1.jpg\" class=\"attachment-full size-full wp-image-4163\" alt=\"\" srcset=\"https:\/\/ledimoredelconte.it\/wp-content\/uploads\/mappa-art-your-food-1280x1280-1.jpg 1280w, https:\/\/ledimoredelconte.it\/wp-content\/uploads\/mappa-art-your-food-1280x1280-1-300x300.jpg 300w, https:\/\/ledimoredelconte.it\/wp-content\/uploads\/mappa-art-your-food-1280x1280-1-1024x1024.jpg 1024w, https:\/\/ledimoredelconte.it\/wp-content\/uploads\/mappa-art-your-food-1280x1280-1-150x150.jpg 150w, https:\/\/ledimoredelconte.it\/wp-content\/uploads\/mappa-art-your-food-1280x1280-1-768x768.jpg 768w\" sizes=\"(max-width: 1280px) 100vw, 1280px\" \/>\t\t\t\t\t\t\t\t\t\t\t\t\t\t\t<\/div>\n\t\t\t\t<\/div>\n\t\t\t\t\t<\/div>\n\t\t<\/div>\n\t\t\t\t\t<\/div>\n\t\t<\/section>\n\t\t\t\t<\/div>\n\t\t","protected":false},"excerpt":{"rendered":"<p>POC ASSE 3 AZIONE 3.4 D LoVe! Land of Venice Contributo concesso euro 539.396,90 Love!Land Of Venice Attenendosi ai paradigmi e alle disposizioni del Bando FESR (POC), LoVe! (acronimo di Land of Venice!) quale progetto di valenza regionale, si configura come aggregazione di imprese per rilanciare, promuovere e vendere, in modo unitario, efficace e coerente, [&hellip;]<\/p>\n","protected":false},"author":1,"featured_media":0,"parent":0,"menu_order":0,"comment_status":"closed","ping_status":"closed","template":"elementor_header_footer","meta":{"_acf_changed":false,"footnotes":""},"class_list":["post-4182","page","type-page","status-publish","hentry"],"acf":[],"yoast_head":"<!-- This site is optimized with the Yoast SEO plugin v25.2 - https:\/\/yoast.com\/wordpress\/plugins\/seo\/ -->\n<title>Progetto Finanziato con il POC Regione Veneto - Le Dimore del Conte<\/title>\n<meta name=\"robots\" content=\"noindex, nofollow\" \/>\n<meta property=\"og:locale\" content=\"de_DE\" \/>\n<meta property=\"og:type\" content=\"article\" \/>\n<meta property=\"og:title\" content=\"Progetto Finanziato con il POC Regione Veneto - Le Dimore del Conte\" \/>\n<meta property=\"og:description\" content=\"POC ASSE 3 AZIONE 3.4 D LoVe! Land of Venice Contributo concesso euro 539.396,90 Love!Land Of Venice Attenendosi ai paradigmi e alle disposizioni del Bando FESR (POC), LoVe! (acronimo di Land of Venice!) quale progetto di valenza regionale, si configura come aggregazione di imprese per rilanciare, promuovere e vendere, in modo unitario, efficace e coerente, [&hellip;]\" \/>\n<meta property=\"og:url\" content=\"https:\/\/ledimoredelconte.it\/de\/progetto-finanziato-con-il-poc-regione-veneto\/\" \/>\n<meta property=\"og:site_name\" content=\"Le Dimore del Conte\" \/>\n<meta property=\"article:publisher\" content=\"https:\/\/www.facebook.com\/ledimoredelconte\" \/>\n<meta property=\"article:modified_time\" content=\"2024-07-28T08:33:45+00:00\" \/>\n<meta property=\"og:image\" content=\"https:\/\/ledimoredelconte.it\/wp-content\/uploads\/cescot-love-poc-1024x322.png\" \/>\n<meta name=\"twitter:card\" content=\"summary_large_image\" \/>\n<meta name=\"twitter:label1\" content=\"Gesch\u00e4tzte Lesezeit\" \/>\n\t<meta name=\"twitter:data1\" content=\"2\u00a0Minuten\" \/>\n<script type=\"application\/ld+json\" class=\"yoast-schema-graph\">{\"@context\":\"https:\/\/schema.org\",\"@graph\":[{\"@type\":\"WebPage\",\"@id\":\"https:\/\/ledimoredelconte.it\/de\/progetto-finanziato-con-il-poc-regione-veneto\/\",\"url\":\"https:\/\/ledimoredelconte.it\/de\/progetto-finanziato-con-il-poc-regione-veneto\/\",\"name\":\"Progetto Finanziato con il POC Regione Veneto - Le Dimore del Conte\",\"isPartOf\":{\"@id\":\"https:\/\/ledimoredelconte.it\/de\/#website\"},\"primaryImageOfPage\":{\"@id\":\"https:\/\/ledimoredelconte.it\/de\/progetto-finanziato-con-il-poc-regione-veneto\/#primaryimage\"},\"image\":{\"@id\":\"https:\/\/ledimoredelconte.it\/de\/progetto-finanziato-con-il-poc-regione-veneto\/#primaryimage\"},\"thumbnailUrl\":\"https:\/\/ledimoredelconte.it\/wp-content\/uploads\/cescot-love-poc-1024x322.png\",\"datePublished\":\"2024-07-16T10:49:51+00:00\",\"dateModified\":\"2024-07-28T08:33:45+00:00\",\"breadcrumb\":{\"@id\":\"https:\/\/ledimoredelconte.it\/de\/progetto-finanziato-con-il-poc-regione-veneto\/#breadcrumb\"},\"inLanguage\":\"de\",\"potentialAction\":[{\"@type\":\"ReadAction\",\"target\":[\"https:\/\/ledimoredelconte.it\/de\/progetto-finanziato-con-il-poc-regione-veneto\/\"]}]},{\"@type\":\"ImageObject\",\"inLanguage\":\"de\",\"@id\":\"https:\/\/ledimoredelconte.it\/de\/progetto-finanziato-con-il-poc-regione-veneto\/#primaryimage\",\"url\":\"https:\/\/ledimoredelconte.it\/wp-content\/uploads\/cescot-love-poc-1024x322.png\",\"contentUrl\":\"https:\/\/ledimoredelconte.it\/wp-content\/uploads\/cescot-love-poc-1024x322.png\"},{\"@type\":\"BreadcrumbList\",\"@id\":\"https:\/\/ledimoredelconte.it\/de\/progetto-finanziato-con-il-poc-regione-veneto\/#breadcrumb\",\"itemListElement\":[{\"@type\":\"ListItem\",\"position\":1,\"name\":\"Home\",\"item\":\"https:\/\/ledimoredelconte.it\/de\/\"},{\"@type\":\"ListItem\",\"position\":2,\"name\":\"Progetto Finanziato con il POC Regione Veneto\"}]},{\"@type\":\"WebSite\",\"@id\":\"https:\/\/ledimoredelconte.it\/de\/#website\",\"url\":\"https:\/\/ledimoredelconte.it\/de\/\",\"name\":\"Le Dimore del Conte\",\"description\":\"Soggiorni di stile a Vicenza\",\"publisher\":{\"@id\":\"https:\/\/ledimoredelconte.it\/de\/#organization\"},\"alternateName\":\"Aparthotel Vicenza\",\"potentialAction\":[{\"@type\":\"SearchAction\",\"target\":{\"@type\":\"EntryPoint\",\"urlTemplate\":\"https:\/\/ledimoredelconte.it\/de\/?s={search_term_string}\"},\"query-input\":{\"@type\":\"PropertyValueSpecification\",\"valueRequired\":true,\"valueName\":\"search_term_string\"}}],\"inLanguage\":\"de\"},{\"@type\":\"Organization\",\"@id\":\"https:\/\/ledimoredelconte.it\/de\/#organization\",\"name\":\"Le Dimore del Conte\",\"alternateName\":\"Non il solito hotel a Vicenza: Dimore in Centro\",\"url\":\"https:\/\/ledimoredelconte.it\/de\/\",\"logo\":{\"@type\":\"ImageObject\",\"inLanguage\":\"de\",\"@id\":\"https:\/\/ledimoredelconte.it\/de\/#\/schema\/logo\/image\/\",\"url\":\"https:\/\/ledimoredelconte.it\/wp-content\/uploads\/2020\/11\/cropped-logo-favicon.jpg\",\"contentUrl\":\"https:\/\/ledimoredelconte.it\/wp-content\/uploads\/2020\/11\/cropped-logo-favicon.jpg\",\"width\":512,\"height\":512,\"caption\":\"Le Dimore del Conte\"},\"image\":{\"@id\":\"https:\/\/ledimoredelconte.it\/de\/#\/schema\/logo\/image\/\"},\"sameAs\":[\"https:\/\/www.facebook.com\/ledimoredelconte\",\"https:\/\/www.instagram.com\/ledimoredelconte\/\"]}]}<\/script>\n<!-- \/ Yoast SEO plugin. -->","yoast_head_json":{"title":"Progetto Finanziato con il POC Regione Veneto - Le Dimore del Conte","robots":{"index":"noindex","follow":"nofollow"},"og_locale":"de_DE","og_type":"article","og_title":"Progetto Finanziato con il POC Regione Veneto - Le Dimore del Conte","og_description":"POC ASSE 3 AZIONE 3.4 D LoVe! Land of Venice Contributo concesso euro 539.396,90 Love!Land Of Venice Attenendosi ai paradigmi e alle disposizioni del Bando FESR (POC), LoVe! (acronimo di Land of Venice!) quale progetto di valenza regionale, si configura come aggregazione di imprese per rilanciare, promuovere e vendere, in modo unitario, efficace e coerente, [&hellip;]","og_url":"https:\/\/ledimoredelconte.it\/de\/progetto-finanziato-con-il-poc-regione-veneto\/","og_site_name":"Le Dimore del Conte","article_publisher":"https:\/\/www.facebook.com\/ledimoredelconte","article_modified_time":"2024-07-28T08:33:45+00:00","og_image":[{"url":"https:\/\/ledimoredelconte.it\/wp-content\/uploads\/cescot-love-poc-1024x322.png","type":"","width":"","height":""}],"twitter_card":"summary_large_image","twitter_misc":{"Gesch\u00e4tzte Lesezeit":"2\u00a0Minuten"},"schema":{"@context":"https:\/\/schema.org","@graph":[{"@type":"WebPage","@id":"https:\/\/ledimoredelconte.it\/de\/progetto-finanziato-con-il-poc-regione-veneto\/","url":"https:\/\/ledimoredelconte.it\/de\/progetto-finanziato-con-il-poc-regione-veneto\/","name":"Progetto Finanziato con il POC Regione Veneto - Le Dimore del Conte","isPartOf":{"@id":"https:\/\/ledimoredelconte.it\/de\/#website"},"primaryImageOfPage":{"@id":"https:\/\/ledimoredelconte.it\/de\/progetto-finanziato-con-il-poc-regione-veneto\/#primaryimage"},"image":{"@id":"https:\/\/ledimoredelconte.it\/de\/progetto-finanziato-con-il-poc-regione-veneto\/#primaryimage"},"thumbnailUrl":"https:\/\/ledimoredelconte.it\/wp-content\/uploads\/cescot-love-poc-1024x322.png","datePublished":"2024-07-16T10:49:51+00:00","dateModified":"2024-07-28T08:33:45+00:00","breadcrumb":{"@id":"https:\/\/ledimoredelconte.it\/de\/progetto-finanziato-con-il-poc-regione-veneto\/#breadcrumb"},"inLanguage":"de","potentialAction":[{"@type":"ReadAction","target":["https:\/\/ledimoredelconte.it\/de\/progetto-finanziato-con-il-poc-regione-veneto\/"]}]},{"@type":"ImageObject","inLanguage":"de","@id":"https:\/\/ledimoredelconte.it\/de\/progetto-finanziato-con-il-poc-regione-veneto\/#primaryimage","url":"https:\/\/ledimoredelconte.it\/wp-content\/uploads\/cescot-love-poc-1024x322.png","contentUrl":"https:\/\/ledimoredelconte.it\/wp-content\/uploads\/cescot-love-poc-1024x322.png"},{"@type":"BreadcrumbList","@id":"https:\/\/ledimoredelconte.it\/de\/progetto-finanziato-con-il-poc-regione-veneto\/#breadcrumb","itemListElement":[{"@type":"ListItem","position":1,"name":"Home","item":"https:\/\/ledimoredelconte.it\/de\/"},{"@type":"ListItem","position":2,"name":"Progetto Finanziato con il POC Regione Veneto"}]},{"@type":"WebSite","@id":"https:\/\/ledimoredelconte.it\/de\/#website","url":"https:\/\/ledimoredelconte.it\/de\/","name":"Le Dimore del Conte","description":"Soggiorni di stile a Vicenza","publisher":{"@id":"https:\/\/ledimoredelconte.it\/de\/#organization"},"alternateName":"Aparthotel Vicenza","potentialAction":[{"@type":"SearchAction","target":{"@type":"EntryPoint","urlTemplate":"https:\/\/ledimoredelconte.it\/de\/?s={search_term_string}"},"query-input":{"@type":"PropertyValueSpecification","valueRequired":true,"valueName":"search_term_string"}}],"inLanguage":"de"},{"@type":"Organization","@id":"https:\/\/ledimoredelconte.it\/de\/#organization","name":"Le Dimore del Conte","alternateName":"Non il solito hotel a Vicenza: Dimore in Centro","url":"https:\/\/ledimoredelconte.it\/de\/","logo":{"@type":"ImageObject","inLanguage":"de","@id":"https:\/\/ledimoredelconte.it\/de\/#\/schema\/logo\/image\/","url":"https:\/\/ledimoredelconte.it\/wp-content\/uploads\/2020\/11\/cropped-logo-favicon.jpg","contentUrl":"https:\/\/ledimoredelconte.it\/wp-content\/uploads\/2020\/11\/cropped-logo-favicon.jpg","width":512,"height":512,"caption":"Le Dimore del Conte"},"image":{"@id":"https:\/\/ledimoredelconte.it\/de\/#\/schema\/logo\/image\/"},"sameAs":["https:\/\/www.facebook.com\/ledimoredelconte","https:\/\/www.instagram.com\/ledimoredelconte\/"]}]}},"_links":{"self":[{"href":"https:\/\/ledimoredelconte.it\/de\/wp-json\/wp\/v2\/pages\/4182","targetHints":{"allow":["GET"]}}],"collection":[{"href":"https:\/\/ledimoredelconte.it\/de\/wp-json\/wp\/v2\/pages"}],"about":[{"href":"https:\/\/ledimoredelconte.it\/de\/wp-json\/wp\/v2\/types\/page"}],"author":[{"embeddable":true,"href":"https:\/\/ledimoredelconte.it\/de\/wp-json\/wp\/v2\/users\/1"}],"replies":[{"embeddable":true,"href":"https:\/\/ledimoredelconte.it\/de\/wp-json\/wp\/v2\/comments?post=4182"}],"version-history":[{"count":3,"href":"https:\/\/ledimoredelconte.it\/de\/wp-json\/wp\/v2\/pages\/4182\/revisions"}],"predecessor-version":[{"id":4602,"href":"https:\/\/ledimoredelconte.it\/de\/wp-json\/wp\/v2\/pages\/4182\/revisions\/4602"}],"wp:attachment":[{"href":"https:\/\/ledimoredelconte.it\/de\/wp-json\/wp\/v2\/media?parent=4182"}],"curies":[{"name":"wp","href":"https:\/\/api.w.org\/{rel}","templated":true}]}}